{"id":36986,"date":"2018-07-10T18:40:25","date_gmt":"2018-07-10T18:40:25","guid":{"rendered":"http:\/\/megaingenierias.com\/media\/?page_id=36986"},"modified":"2023-11-28T10:29:43","modified_gmt":"2023-11-28T10:29:43","slug":"contact","status":"publish","type":"page","link":"https:\/\/mediaglass.de\/es\/contact\/","title":{"rendered":"contact"},"content":{"rendered":"<p>[et_pb_section fb_built=\u00bb1&#8243; _builder_version=\u00bb4.16&#8243; background_image=\u00bbhttps:\/\/mediaglass.de\/wp-content\/uploads\/2018\/09\/mid-bg-2.jpg\u00bb custom_padding=\u00bb54px|0px|212px|0px|false|false\u00bb global_colors_info=\u00bb{}\u00bb][et_pb_row column_structure=\u00bb2_3,1_3&#8243; _builder_version=\u00bb4.16&#8243; background_size=\u00bbinitial\u00bb background_position=\u00bbtop_left\u00bb background_repeat=\u00bbrepeat\u00bb global_colors_info=\u00bb{}\u00bb][et_pb_column type=\u00bb2_3&#8243; _builder_version=\u00bb4.16&#8243; custom_padding=\u00bb|||\u00bb global_colors_info=\u00bb{}\u00bb custom_padding__hover=\u00bb|||\u00bb][et_pb_cta admin_label=\u00bbLa Idea\u00bb _builder_version=\u00bb4.16&#8243; header_font=\u00bbOpen Sans|||on|\u00bb header_text_color=\u00bb#494949&#8243; header_font_size=\u00bb46&#8243; header_line_height=\u00bb1.5em\u00bb body_font=\u00bbOpen Sans||||\u00bb body_text_color=\u00bb#666666&#8243; body_font_size=\u00bb16&#8243; body_line_height=\u00bb1.5em\u00bb use_background_color=\u00bboff\u00bb background_size=\u00bbinitial\u00bb background_position=\u00bbtop_left\u00bb background_repeat=\u00bbrepeat\u00bb background_layout=\u00bblight\u00bb header_font_size_tablet=\u00bb40&#8243; header_font_size_phone=\u00bb30&#8243; header_font_size_last_edited=\u00bbon|desktop\u00bb custom_css_promo_title=\u00bbfont-weight: 800;\u00bb use_border_color=\u00bboff\u00bb border_color=\u00bb#ffffff\u00bb border_style=\u00bbsolid\u00bb global_colors_info=\u00bb{}\u00bb button_text_size__hover_enabled=\u00bboff\u00bb button_one_text_size__hover_enabled=\u00bboff\u00bb button_two_text_size__hover_enabled=\u00bboff\u00bb button_text_color__hover_enabled=\u00bboff\u00bb button_one_text_color__hover_enabled=\u00bboff\u00bb button_two_text_color__hover_enabled=\u00bboff\u00bb button_border_width__hover_enabled=\u00bboff\u00bb button_one_border_width__hover_enabled=\u00bboff\u00bb button_two_border_width__hover_enabled=\u00bboff\u00bb button_border_color__hover_enabled=\u00bboff\u00bb button_one_border_color__hover_enabled=\u00bboff\u00bb button_two_border_color__hover_enabled=\u00bboff\u00bb button_border_radius__hover_enabled=\u00bboff\u00bb button_one_border_radius__hover_enabled=\u00bboff\u00bb button_two_border_radius__hover_enabled=\u00bboff\u00bb button_letter_spacing__hover_enabled=\u00bboff\u00bb button_one_letter_spacing__hover_enabled=\u00bboff\u00bb button_two_letter_spacing__hover_enabled=\u00bboff\u00bb button_bg_color__hover_enabled=\u00bboff\u00bb button_one_bg_color__hover_enabled=\u00bboff\u00bb button_two_bg_color__hover_enabled=\u00bboff\u00bb]<\/p>\n<h2><span style=\"color: #ffffff;\">Contacto<\/span><span style=\"color: #ffffff;\"><\/span><\/h2>\n<p><span style=\"color: #ffffff;\"><\/span><\/p>\n<p><span style=\"color: #ffffff;\"><\/span><\/p>\n<p><span style=\"color: #ffffff;\"><\/span><\/p>\n<p><span style=\"color: #ffffff;\"><\/span><\/p>\n<p><span style=\"color: #ffffff;\"><\/span><\/p>\n<p><span style=\"color: #ffffff;\">Siempre estaremos encantados de atenderle<\/span><\/p>\n<p><span style=\"color: #ffffff;\">Env\u00edenos un email a:<span style=\"font-size: x-large;\"><\/span><\/span><\/p>\n<p><span style=\"color: #ffffff;\"><span style=\"font-size: x-large;\">Email:\u00a0<a style=\"color: #ffffff;\" href=\"mailto:info@mediaglass.de\">info@mediaglass.de<\/a><\/span><\/span><\/p>\n<p><span style=\"color: #ffffff;\"><a style=\"color: #ffffff;\" href=\"mailto:info@mediaglass.de\">Consultas, presupuesto, saludos, &#8230;<\/a><\/span><\/p>\n<p><span style=\"color: #ffffff;\"><\/span><\/p>\n<p><span style=\"color: #ffffff;\"><\/span><\/p>\n<p><span style=\"color: #ffffff;\"><\/span><\/p>\n<p><span style=\"color: #ffffff;\"><\/span><\/p>\n<p><span style=\"color: #ffffff;\"><\/span><\/p>\n<p>[\/et_pb_cta][\/et_pb_column][et_pb_column type=\u00bb1_3&#8243; _builder_version=\u00bb4.16&#8243; custom_padding=\u00bb|||\u00bb global_colors_info=\u00bb{}\u00bb custom_padding__hover=\u00bb|||\u00bb][et_pb_divider show_divider=\u00bboff\u00bb _builder_version=\u00bb4.16&#8243; height=\u00bb100px\u00bb global_colors_info=\u00bb{}\u00bb][\/et_pb_divider][et_pb_text _builder_version=\u00bb4.16&#8243; text_text_color=\u00bb#ffffff\u00bb background_size=\u00bbinitial\u00bb background_position=\u00bbtop_left\u00bb background_repeat=\u00bbrepeat\u00bb background_layout=\u00bbdark\u00bb hover_enabled=\u00bb0&#8243; global_colors_info=\u00bb{}\u00bb sticky_enabled=\u00bb0&#8243;]<\/p>\n<h3><\/h3>\n<h3><strong>EADOFFICE<\/strong><\/h3>\n<p>Alexanderstrasse, 2<\/p>\n<p>D-75015 Bretten \u2013 Germany<\/p>\n<p>Tel.: 00 (49) 7252 5030<\/p>\n<p>Fax: 00 (49) 7252 503283<\/p>\n<h3><strong>INTERNATIONAL SALES OFFICE<\/strong><\/h3>\n<p>C\/ Santa Mar\u00eda, 19<\/p>\n<p>28999 Villanueva del Pardillo<\/p>\n<p>Madrid \u2013 Spain<\/p>\n<p>Tel.: 00 (34) 91 815 25 45<\/p>\n<p>Fax: 00 (34) 91 812 30 06<\/p>\n<p>&nbsp;<\/p>\n<h3><strong>YOUR CONTACTS:<\/strong><\/h3>\n<p>Europe: Mr. Hendrik Meima<\/p>\n<p><span style=\"color: #ffffff;\">\u00a0<\/span><span style=\"color: #ffffff;\">Email:\u00a0<a style=\"color: #ffffff;\" href=\"mailto:info@mediaglass.de\">info@mediaglass.de<\/a><\/span><\/p>\n<p>[\/et_pb_text][\/et_pb_column][\/et_pb_row][\/et_pb_section][et_pb_section fb_built=\u00bb1&#8243; specialty=\u00bbon\u00bb custom_padding_last_edited=\u00bbon|desktop\u00bb parallax_method_1=\u00bboff\u00bb parallax_method_2=\u00bboff\u00bb admin_label=\u00bbSection\u00bb _builder_version=\u00bb3.15&#8243; background_color=\u00bb#2b2c2a\u00bb min_height=\u00bb636px\u00bb custom_padding=\u00bb||0px|||\u00bb custom_padding_tablet=\u00bb50px|0|50px|0&#8243; custom_padding_phone=\u00bb\u00bb transparent_background=\u00bboff\u00bb global_module=\u00bb37033&#8243; collapsed=\u00bboff\u00bb global_colors_info=\u00bb{}\u00bb][et_pb_column type=\u00bb1_3&#8243; _builder_version=\u00bb4.16&#8243; custom_padding=\u00bb|||\u00bb global_colors_info=\u00bb{}\u00bb custom_padding__hover=\u00bb|||\u00bb][et_pb_blurb url=\u00bbhttps:\/\/www.google.es\/maps\/dir\/\/Av.+de+Los+Castillos,+1B,+28692+Villafranca+del+Castillo,+Madrid\/@40.4832189,-3.9396804,17z\/data=!3m1!4b1!4m8!4m7!1m0!1m5!1m1!1s0xd419b7cc57cff77:0x19a852c8f91cd682!2m2!1d-3.9374917!2d40.4832189&#8243; url_new_window=\u00bbon\u00bb use_icon=\u00bbon\u00bb font_icon=\u00bb&#xe01d;||divi||400&#8243; icon_color=\u00bb#8765bf\u00bb icon_placement=\u00bbleft\u00bb image_icon_width=\u00bb18&#8243; admin_label=\u00bbBlurb\u00bb module_id=\u00bbcontacte\u00bb _builder_version=\u00bb4.16&#8243; body_font=\u00bbOpen Sans||||\u00bb body_text_color=\u00bb#ffffff\u00bb body_font_size=\u00bb16&#8243; body_line_height=\u00bb1.5em\u00bb background_layout=\u00bbdark\u00bb icon_font_size=\u00bb18&#8243; global_colors_info=\u00bb{}\u00bb]<\/p>\n<p>OFICINA CENTRAL<\/p>\n<p>Alexanderstrasse, 2<\/p>\n<p>D-75015 Bretten \u2013 Germany<\/p>\n<p>\u00a0<\/p>\n<p>[\/et_pb_blurb][et_pb_blurb url=\u00bb#\u00bb use_icon=\u00bbon\u00bb font_icon=\u00bb&#xe00b;||divi||400&#8243; icon_color=\u00bb#8765bf\u00bb icon_placement=\u00bbleft\u00bb image_icon_width=\u00bb20&#8243; admin_label=\u00bbBlurb\u00bb _builder_version=\u00bb4.16&#8243; body_font=\u00bbOpen Sans||||\u00bb body_text_color=\u00bb#ffffff\u00bb body_font_size=\u00bb16&#8243; body_line_height=\u00bb1.5em\u00bb background_layout=\u00bbdark\u00bb use_border_color=\u00bboff\u00bb icon_font_size=\u00bb20&#8243; global_colors_info=\u00bb{}\u00bb]<\/p>\n<p>Tel.: 00 (49) 7252 5030<\/p>\n<p>Fax: 00 (49) 7252 503283<\/p>\n<p>[\/et_pb_blurb][et_pb_blurb url=\u00bbmailto:info@mediaglass.de\u00bb use_icon=\u00bbon\u00bb font_icon=\u00bb&#xe010;||divi||400&#8243; icon_color=\u00bb#8765bf\u00bb icon_placement=\u00bbleft\u00bb image_icon_width=\u00bb20&#8243; admin_label=\u00bbBlurb\u00bb _builder_version=\u00bb4.16&#8243; body_font=\u00bbOpen Sans||||\u00bb body_text_color=\u00bb#ffffff\u00bb body_font_size=\u00bb16&#8243; body_line_height=\u00bb1.5em\u00bb background_layout=\u00bbdark\u00bb custom_margin=\u00bb||0px|\u00bb custom_padding=\u00bb||15px|\u00bb use_border_color=\u00bboff\u00bb icon_font_size=\u00bb20&#8243; global_colors_info=\u00bb{}\u00bb]<\/p>\n<p>info@mediaglass.de<\/p>\n<p>Europe: Mr. Hendrik Meima<\/p>\n<p>[\/et_pb_blurb][\/et_pb_column][et_pb_column type=\u00bb2_3&#8243; specialty_columns=\u00bb2&#8243; _builder_version=\u00bb4.16&#8243; custom_padding=\u00bb|||\u00bb global_colors_info=\u00bb{}\u00bb custom_padding__hover=\u00bb|||\u00bb][et_pb_row_inner padding_mobile=\u00bboff\u00bb column_padding_mobile=\u00bbon\u00bb admin_label=\u00bbRow\u00bb _builder_version=\u00bb4.16&#8243; global_colors_info=\u00bb{}\u00bb][et_pb_column_inner saved_specialty_column_type=\u00bb2_3&#8243; _builder_version=\u00bb4.16&#8243; custom_padding=\u00bb|||\u00bb global_colors_info=\u00bb{}\u00bb custom_padding__hover=\u00bb|||\u00bb][et_pb_blurb url=\u00bbhttps:\/\/www.google.es\/maps\/dir\/\/Av.+de+Los+Castillos,+1B,+28692+Villafranca+del+Castillo,+Madrid\/@40.4832189,-3.9396804,17z\/data=!3m1!4b1!4m8!4m7!1m0!1m5!1m1!1s0xd419b7cc57cff77:0x19a852c8f91cd682!2m2!1d-3.9374917!2d40.4832189&#8243; url_new_window=\u00bbon\u00bb use_icon=\u00bbon\u00bb font_icon=\u00bb&#xe01d;||divi||400&#8243; icon_color=\u00bb#8765bf\u00bb icon_placement=\u00bbleft\u00bb image_icon_width=\u00bb18&#8243; admin_label=\u00bbBlurb\u00bb module_id=\u00bbcontacte\u00bb _builder_version=\u00bb4.16&#8243; body_font=\u00bbOpen Sans||||\u00bb body_text_color=\u00bb#ffffff\u00bb body_font_size=\u00bb16&#8243; body_line_height=\u00bb1.5em\u00bb background_layout=\u00bbdark\u00bb icon_font_size=\u00bb18&#8243; global_colors_info=\u00bb{}\u00bb]<\/p>\n<p>OFICINA DE VENTAS INTERNACIONALES<\/p>\n<p>C\/ Santa Mar\u00eda, 19\u00a0<\/p>\n<p>28229 \u2013 Villanueva del Pardillo (Madrid)<\/p>\n<p>&nbsp;<\/p>\n<p>[\/et_pb_blurb][et_pb_blurb url=\u00bb#\u00bb use_icon=\u00bbon\u00bb font_icon=\u00bb&#xe00b;||divi||400&#8243; icon_color=\u00bb#8765bf\u00bb icon_placement=\u00bbleft\u00bb image_icon_width=\u00bb20&#8243; admin_label=\u00bbBlurb\u00bb _builder_version=\u00bb4.16&#8243; body_font=\u00bbOpen Sans||||\u00bb body_text_color=\u00bb#ffffff\u00bb body_font_size=\u00bb16&#8243; body_line_height=\u00bb1.5em\u00bb background_layout=\u00bbdark\u00bb use_border_color=\u00bboff\u00bb icon_font_size=\u00bb20&#8243; global_colors_info=\u00bb{}\u00bb]<\/p>\n<p>Tel.: +34 \u00a091 815 25 45<\/p>\n<p>Fax: +34 91 812 30 06<\/p>\n<p>[\/et_pb_blurb][\/et_pb_column_inner][\/et_pb_row_inner][\/et_pb_column][\/et_pb_section][et_pb_section fb_built=\u00bb1&#8243; _builder_version=\u00bb4.4.6&#8243; background_color=\u00bb#2b2c2a\u00bb min_height=\u00bb134px\u00bb custom_margin=\u00bb||-67px|||\u00bb custom_padding=\u00bb||0px|||\u00bb global_module=\u00bb37150&#8243; saved_tabs=\u00bball\u00bb global_colors_info=\u00bb{}\u00bb][et_pb_row use_custom_gutter=\u00bbon\u00bb make_equal=\u00bbon\u00bb _builder_version=\u00bb4.16&#8243; background_color=\u00bbrgba(0,0,0,0)\u00bb max_width=\u00bb2560px\u00bb custom_margin=\u00bb-38px|auto||auto||\u00bb filter_hue_rotate=\u00bb102deg\u00bb global_colors_info=\u00bb{}\u00bb][et_pb_column type=\u00bb4_4&#8243; _builder_version=\u00bb4.16&#8243; global_colors_info=\u00bb{}\u00bb][et_pb_divider color=\u00bb#ffffff\u00bb _builder_version=\u00bb4.16&#8243; global_colors_info=\u00bb{}\u00bb][\/et_pb_divider][\/et_pb_column][\/et_pb_row][et_pb_row _builder_version=\u00bb4.16&#8243; custom_padding=\u00bb0px|||||\u00bb global_colors_info=\u00bb{}\u00bb][et_pb_column type=\u00bb4_4&#8243; _builder_version=\u00bb4.16&#8243; global_colors_info=\u00bb{}\u00bb][et_pb_text disabled_on=\u00bboff|off|off\u00bb _builder_version=\u00bb4.16&#8243; text_font=\u00bb||||||||\u00bb text_text_color=\u00bb#ffffff\u00bb header_text_color=\u00bb#ffffff\u00bb background_layout=\u00bbdark\u00bb link_option_url_new_window=\u00bbon\u00bb motion_trigger_start=\u00bbtop\u00bb global_colors_info=\u00bb{}\u00bb]<\/p>\n<p style=\"padding-left: 120px; text-align: center;\"><a href=\"https:\/\/mediaglass.de\/es\/aviso-legal\/\" target=\"_blank\" rel=\"noopener noreferrer\">AVISO LEGAL<\/a>\u00a0 \u00a0|\u00a0 \u00a0POL\u00cdTICA DE COOKIES\u00a0 \u00a0|\u00a0 \u00a0POL\u00cdTICA DE PRIVACIDAD<\/p>\n<p style=\"text-align: center;\">[\/et_pb_text][et_pb_text disabled_on=\u00bboff|off|off\u00bb _builder_version=\u00bb4.16&#8243; text_font=\u00bb||||||||\u00bb text_text_color=\u00bb#ffffff\u00bb header_text_color=\u00bb#ffffff\u00bb background_layout=\u00bbdark\u00bb custom_margin=\u00bb-10px|||||\u00bb link_option_url_new_window=\u00bbon\u00bb motion_trigger_start=\u00bbtop\u00bb global_colors_info=\u00bb{}\u00bb]<\/p>\n<p style=\"padding-left: 120px; text-align: center;\">\u00a9 Mediaglass 2.023<\/p>\n<p>&nbsp;<\/p>\n<p>[\/et_pb_text][\/et_pb_column][\/et_pb_row][\/et_pb_section]<\/p>\n","protected":false},"excerpt":{"rendered":"<p>Contacto Siempre estaremos encantados de atenderle Env\u00edenos un email a: Email:\u00a0info@mediaglass.de Consultas, presupuesto, saludos, &#8230; EADOFFICE Alexanderstrasse, 2 D-75015 Bretten \u2013 Germany Tel.: 00 (49) 7252 5030 Fax: 00 (49) 7252 503283 INTERNATIONAL SALES OFFICE C\/ Santa Mar\u00eda, 19 28999 Villanueva del Pardillo Madrid \u2013 Spain Tel.: 00 (34) 91 815 25 45 Fax: 00 [&hellip;]<\/p>\n","protected":false},"author":1,"featured_media":0,"parent":0,"menu_order":0,"comment_status":"closed","ping_status":"closed","template":"","meta":{"_et_pb_use_builder":"on","_et_pb_old_content":"","_et_gb_content_width":"","footnotes":""},"class_list":["post-36986","page","type-page","status-publish","hentry"],"yoast_head":"<!-- This site is optimized with the Yoast SEO plugin v26.8 - https:\/\/yoast.com\/product\/yoast-seo-wordpress\/ -->\n<title>Mediaglass, tecnolog\u00eda punta y sistemas LED - Contacto.<\/title>\n<meta name=\"description\" content=\"Patente mundial, Mediaglass posee maquinaria de tecnolog\u00eda de \u00faltima generaci\u00f3n, control inform\u00e1tico, sistemas LED con la m\u00e1s alta precisi\u00f3n y calidad.\" \/>\n<meta name=\"robots\" content=\"index, follow, max-snippet:-1, max-image-preview:large, max-video-preview:-1\" \/>\n<link rel=\"canonical\" href=\"https:\/\/mediaglass.de\/es\/contact\/\" \/>\n<meta property=\"og:locale\" content=\"es_ES\" \/>\n<meta property=\"og:type\" content=\"article\" \/>\n<meta property=\"og:title\" content=\"Mediaglass, tecnolog\u00eda punta y sistemas LED - Contacto.\" \/>\n<meta property=\"og:description\" content=\"Patente mundial, Mediaglass posee maquinaria de tecnolog\u00eda de \u00faltima generaci\u00f3n, control inform\u00e1tico, sistemas LED con la m\u00e1s alta precisi\u00f3n y calidad.\" \/>\n<meta property=\"og:url\" content=\"https:\/\/mediaglass.de\/es\/contact\/\" \/>\n<meta property=\"og:site_name\" content=\"MEDIAGLASS\" \/>\n<meta property=\"article:modified_time\" content=\"2023-11-28T10:29:43+00:00\" \/>\n<meta name=\"twitter:card\" content=\"summary_large_image\" \/>\n<meta name=\"twitter:label1\" content=\"Tiempo de lectura\" \/>\n\t<meta name=\"twitter:data1\" content=\"6 minutos\" \/>\n<script type=\"application\/ld+json\" class=\"yoast-schema-graph\">{\"@context\":\"https:\/\/schema.org\",\"@graph\":[{\"@type\":\"WebPage\",\"@id\":\"https:\/\/mediaglass.de\/es\/contact\/\",\"url\":\"https:\/\/mediaglass.de\/es\/contact\/\",\"name\":\"Mediaglass, tecnolog\u00eda punta y sistemas LED - Contacto.\",\"isPartOf\":{\"@id\":\"https:\/\/mediaglass.de\/es\/#website\"},\"datePublished\":\"2018-07-10T18:40:25+00:00\",\"dateModified\":\"2023-11-28T10:29:43+00:00\",\"description\":\"Patente mundial, Mediaglass posee maquinaria de tecnolog\u00eda de \u00faltima generaci\u00f3n, control inform\u00e1tico, sistemas LED con la m\u00e1s alta precisi\u00f3n y calidad.\",\"breadcrumb\":{\"@id\":\"https:\/\/mediaglass.de\/es\/contact\/#breadcrumb\"},\"inLanguage\":\"es\",\"potentialAction\":[{\"@type\":\"ReadAction\",\"target\":[\"https:\/\/mediaglass.de\/es\/contact\/\"]}]},{\"@type\":\"BreadcrumbList\",\"@id\":\"https:\/\/mediaglass.de\/es\/contact\/#breadcrumb\",\"itemListElement\":[{\"@type\":\"ListItem\",\"position\":1,\"name\":\"Portada\",\"item\":\"https:\/\/mediaglass.de\/es\/\"},{\"@type\":\"ListItem\",\"position\":2,\"name\":\"contact\"}]},{\"@type\":\"WebSite\",\"@id\":\"https:\/\/mediaglass.de\/es\/#website\",\"url\":\"https:\/\/mediaglass.de\/es\/\",\"name\":\"MEDIAGLASS\",\"description\":\"Primera fachada digital continua en el mundo\",\"publisher\":{\"@id\":\"https:\/\/mediaglass.de\/es\/#organization\"},\"potentialAction\":[{\"@type\":\"SearchAction\",\"target\":{\"@type\":\"EntryPoint\",\"urlTemplate\":\"https:\/\/mediaglass.de\/es\/?s={search_term_string}\"},\"query-input\":{\"@type\":\"PropertyValueSpecification\",\"valueRequired\":true,\"valueName\":\"search_term_string\"}}],\"inLanguage\":\"es\"},{\"@type\":\"Organization\",\"@id\":\"https:\/\/mediaglass.de\/es\/#organization\",\"name\":\"MEDIAGLASS\",\"url\":\"https:\/\/mediaglass.de\/es\/\",\"logo\":{\"@type\":\"ImageObject\",\"inLanguage\":\"es\",\"@id\":\"https:\/\/mediaglass.de\/es\/#\/schema\/logo\/image\/\",\"url\":\"https:\/\/mediaglass.de\/es\/wp-content\/uploads\/2018\/09\/logo.png\",\"contentUrl\":\"https:\/\/mediaglass.de\/es\/wp-content\/uploads\/2018\/09\/logo.png\",\"width\":976,\"height\":183,\"caption\":\"MEDIAGLASS\"},\"image\":{\"@id\":\"https:\/\/mediaglass.de\/es\/#\/schema\/logo\/image\/\"}}]}<\/script>\n<!-- \/ Yoast SEO plugin. -->","yoast_head_json":{"title":"Mediaglass, tecnolog\u00eda punta y sistemas LED - Contacto.","description":"Patente mundial, Mediaglass posee maquinaria de tecnolog\u00eda de \u00faltima generaci\u00f3n, control inform\u00e1tico, sistemas LED con la m\u00e1s alta precisi\u00f3n y calidad.","robots":{"index":"index","follow":"follow","max-snippet":"max-snippet:-1","max-image-preview":"max-image-preview:large","max-video-preview":"max-video-preview:-1"},"canonical":"https:\/\/mediaglass.de\/es\/contact\/","og_locale":"es_ES","og_type":"article","og_title":"Mediaglass, tecnolog\u00eda punta y sistemas LED - Contacto.","og_description":"Patente mundial, Mediaglass posee maquinaria de tecnolog\u00eda de \u00faltima generaci\u00f3n, control inform\u00e1tico, sistemas LED con la m\u00e1s alta precisi\u00f3n y calidad.","og_url":"https:\/\/mediaglass.de\/es\/contact\/","og_site_name":"MEDIAGLASS","article_modified_time":"2023-11-28T10:29:43+00:00","twitter_card":"summary_large_image","twitter_misc":{"Tiempo de lectura":"6 minutos"},"schema":{"@context":"https:\/\/schema.org","@graph":[{"@type":"WebPage","@id":"https:\/\/mediaglass.de\/es\/contact\/","url":"https:\/\/mediaglass.de\/es\/contact\/","name":"Mediaglass, tecnolog\u00eda punta y sistemas LED - Contacto.","isPartOf":{"@id":"https:\/\/mediaglass.de\/es\/#website"},"datePublished":"2018-07-10T18:40:25+00:00","dateModified":"2023-11-28T10:29:43+00:00","description":"Patente mundial, Mediaglass posee maquinaria de tecnolog\u00eda de \u00faltima generaci\u00f3n, control inform\u00e1tico, sistemas LED con la m\u00e1s alta precisi\u00f3n y calidad.","breadcrumb":{"@id":"https:\/\/mediaglass.de\/es\/contact\/#breadcrumb"},"inLanguage":"es","potentialAction":[{"@type":"ReadAction","target":["https:\/\/mediaglass.de\/es\/contact\/"]}]},{"@type":"BreadcrumbList","@id":"https:\/\/mediaglass.de\/es\/contact\/#breadcrumb","itemListElement":[{"@type":"ListItem","position":1,"name":"Portada","item":"https:\/\/mediaglass.de\/es\/"},{"@type":"ListItem","position":2,"name":"contact"}]},{"@type":"WebSite","@id":"https:\/\/mediaglass.de\/es\/#website","url":"https:\/\/mediaglass.de\/es\/","name":"MEDIAGLASS","description":"Primera fachada digital continua en el mundo","publisher":{"@id":"https:\/\/mediaglass.de\/es\/#organization"},"potentialAction":[{"@type":"SearchAction","target":{"@type":"EntryPoint","urlTemplate":"https:\/\/mediaglass.de\/es\/?s={search_term_string}"},"query-input":{"@type":"PropertyValueSpecification","valueRequired":true,"valueName":"search_term_string"}}],"inLanguage":"es"},{"@type":"Organization","@id":"https:\/\/mediaglass.de\/es\/#organization","name":"MEDIAGLASS","url":"https:\/\/mediaglass.de\/es\/","logo":{"@type":"ImageObject","inLanguage":"es","@id":"https:\/\/mediaglass.de\/es\/#\/schema\/logo\/image\/","url":"https:\/\/mediaglass.de\/es\/wp-content\/uploads\/2018\/09\/logo.png","contentUrl":"https:\/\/mediaglass.de\/es\/wp-content\/uploads\/2018\/09\/logo.png","width":976,"height":183,"caption":"MEDIAGLASS"},"image":{"@id":"https:\/\/mediaglass.de\/es\/#\/schema\/logo\/image\/"}}]}},"_links":{"self":[{"href":"https:\/\/mediaglass.de\/es\/wp-json\/wp\/v2\/pages\/36986","targetHints":{"allow":["GET"]}}],"collection":[{"href":"https:\/\/mediaglass.de\/es\/wp-json\/wp\/v2\/pages"}],"about":[{"href":"https:\/\/mediaglass.de\/es\/wp-json\/wp\/v2\/types\/page"}],"author":[{"embeddable":true,"href":"https:\/\/mediaglass.de\/es\/wp-json\/wp\/v2\/users\/1"}],"replies":[{"embeddable":true,"href":"https:\/\/mediaglass.de\/es\/wp-json\/wp\/v2\/comments?post=36986"}],"version-history":[{"count":11,"href":"https:\/\/mediaglass.de\/es\/wp-json\/wp\/v2\/pages\/36986\/revisions"}],"predecessor-version":[{"id":37237,"href":"https:\/\/mediaglass.de\/es\/wp-json\/wp\/v2\/pages\/36986\/revisions\/37237"}],"wp:attachment":[{"href":"https:\/\/mediaglass.de\/es\/wp-json\/wp\/v2\/media?parent=36986"}],"curies":[{"name":"wp","href":"https:\/\/api.w.org\/{rel}","templated":true}]}}