{"id":37116,"date":"2020-05-13T12:32:02","date_gmt":"2020-05-13T12:32:02","guid":{"rendered":"https:\/\/mediaglass.de\/es\/?page_id=37116"},"modified":"2020-06-04T08:09:33","modified_gmt":"2020-06-04T08:09:33","slug":"aviso-legal","status":"publish","type":"page","link":"https:\/\/mediaglass.de\/es\/aviso-legal\/","title":{"rendered":"aviso-legal"},"content":{"rendered":"\n[et_pb_section fb_built=\u00bb1&#8243; _builder_version=\u00bb3.22&#8243; background_image=\u00bbhttps:\/\/mediaglass.de\/wp-content\/uploads\/2018\/09\/mid-bg-2.jpg\u00bb custom_padding=\u00bb54px|0px|0|0px|false|false\u00bb][et_pb_row module_id=\u00bblaidea\u00bb _builder_version=\u00bb3.25&#8243; background_size=\u00bbinitial\u00bb background_position=\u00bbtop_left\u00bb background_repeat=\u00bbrepeat\u00bb custom_padding=\u00bb5px|0px|0|0px|false|false\u00bb][et_pb_column type=\u00bb4_4&#8243; _builder_version=\u00bb3.25&#8243; custom_padding=\u00bb|||\u00bb custom_padding__hover=\u00bb|||\u00bb][et_pb_cta admin_label=\u00bbProyectos\u00bb _builder_version=\u00bb3.16&#8243; header_font=\u00bbOpen Sans|||on|\u00bb header_text_color=\u00bb#494949&#8243; header_font_size=\u00bb46&#8243; header_line_height=\u00bb1.5em\u00bb body_font=\u00bbOpen Sans||||\u00bb body_text_color=\u00bb#666666&#8243; body_font_size=\u00bb16&#8243; body_line_height=\u00bb1.5em\u00bb use_background_color=\u00bboff\u00bb background_size=\u00bbinitial\u00bb background_position=\u00bbtop_left\u00bb background_repeat=\u00bbrepeat\u00bb background_layout=\u00bblight\u00bb custom_margin=\u00bb||-4px|||\u00bb header_font_size_tablet=\u00bb40&#8243; header_font_size_phone=\u00bb30&#8243; header_font_size_last_edited=\u00bbon|desktop\u00bb custom_css_promo_title=\u00bbfont-weight: 800;\u00bb use_border_color=\u00bboff\u00bb border_color=\u00bb#ffffff\u00bb border_style=\u00bbsolid\u00bb button_text_size__hover_enabled=\u00bboff\u00bb button_one_text_size__hover_enabled=\u00bboff\u00bb button_two_text_size__hover_enabled=\u00bboff\u00bb button_text_color__hover_enabled=\u00bboff\u00bb button_one_text_color__hover_enabled=\u00bboff\u00bb button_two_text_color__hover_enabled=\u00bboff\u00bb button_border_width__hover_enabled=\u00bboff\u00bb button_one_border_width__hover_enabled=\u00bboff\u00bb button_two_border_width__hover_enabled=\u00bboff\u00bb button_border_color__hover_enabled=\u00bboff\u00bb button_one_border_color__hover_enabled=\u00bboff\u00bb button_two_border_color__hover_enabled=\u00bboff\u00bb button_border_radius__hover_enabled=\u00bboff\u00bb button_one_border_radius__hover_enabled=\u00bboff\u00bb button_two_border_radius__hover_enabled=\u00bboff\u00bb button_letter_spacing__hover_enabled=\u00bboff\u00bb button_one_letter_spacing__hover_enabled=\u00bboff\u00bb button_two_letter_spacing__hover_enabled=\u00bboff\u00bb button_bg_color__hover_enabled=\u00bboff\u00bb button_one_bg_color__hover_enabled=\u00bboff\u00bb button_two_bg_color__hover_enabled=\u00bboff\u00bb]<h2><span style=\"color: #ffffff; font-size: xx-large;\">AVISO LEGAL<\/span><\/h2>[\/et_pb_cta][et_pb_text _builder_version=\u00bb4.4.6&#8243; text_font=\u00bb||||||||\u00bb text_text_color=\u00bb#ffffff\u00bb custom_padding=\u00bb|143px||201px||\u00bb]<p><span>Todo el contenido que se muestra en el dominio www.mediaglass.de es responsabilidad de Mediaglass GmbH. Mediaglass GmbH no asume ninguna garant\u00eda ni responsabilidad por el contenido textual, visual u otro que sea accesible a trav\u00e9s de terceros (por ejemplo, hiperv\u00ednculo, correo electr\u00f3nico).<\/span><\/p>\n<p><span>Mediaglass GmbH<\/span><br \/> <span>Alexanderstrasse 2<\/span><br \/> <span>D-75015 Bretten<\/span><br \/> <span>Alemania<\/span><br \/> <span>T +49 7252 5030<\/span><br \/> <span>F +49 7252 503 275<\/span><br \/> <span>E info@mediaglass.de<\/span><\/p>\n<p><span>Junta<\/span><br \/> <span>Sr. Heiko Probst (CEO)<\/span><br \/> <span>Sr. Hendrik Jan Meima (CEO)<\/span><\/p>\n<p><span>Forma legal<\/span><br \/> <span>Aktiengesellschaft \u2022 Domicilio social en Bretten<\/span><br \/> <span>Tribunal de registro Mannheim \u2022 N\u00ba de reg .: HRB712448<\/span><\/p>\n<p><span>N\u00famero de identificaci\u00f3n del IVA: DE 279126896<\/span><\/p>\n<p><span>N\u00famero de impuesto: 30063\/70851<\/span><\/p>\n<p><span><\/span><\/p>\n<p><span><\/span><\/p>[\/et_pb_text][\/et_pb_column][\/et_pb_row][\/et_pb_section][et_pb_section fb_built=\u00bb1&#8243; specialty=\u00bbon\u00bb custom_padding_last_edited=\u00bbon|desktop\u00bb parallax_method_1=\u00bboff\u00bb parallax_method_2=\u00bboff\u00bb admin_label=\u00bbSection\u00bb _builder_version=\u00bb3.15&#8243; background_color=\u00bb#2b2c2a\u00bb min_height=\u00bb636px\u00bb custom_padding=\u00bb||0px|||\u00bb custom_padding_tablet=\u00bb50px|0|50px|0&#8243; custom_padding_phone=\u00bb\u00bb transparent_background=\u00bboff\u00bb global_module=\u00bb37033&#8243; collapsed=\u00bboff\u00bb][et_pb_column type=\u00bb1_3&#8243; _builder_version=\u00bb3.25&#8243; custom_padding=\u00bb|||\u00bb custom_padding__hover=\u00bb|||\u00bb][et_pb_blurb url=\u00bbhttps:\/\/www.google.es\/maps\/dir\/\/Av.+de+Los+Castillos,+1B,+28692+Villafranca+del+Castillo,+Madrid\/@40.4832189,-3.9396804,17z\/data=!3m1!4b1!4m8!4m7!1m0!1m5!1m1!1s0xd419b7cc57cff77:0x19a852c8f91cd682!2m2!1d-3.9374917!2d40.4832189&#8243; url_new_window=\u00bbon\u00bb use_icon=\u00bbon\u00bb font_icon=\u00bb%%122%%\u00bb icon_color=\u00bb#5f56ad\u00bb icon_placement=\u00bbleft\u00bb use_icon_font_size=\u00bbon\u00bb icon_font_size=\u00bb18&#8243; admin_label=\u00bbBlurb\u00bb module_id=\u00bbcontacte\u00bb _builder_version=\u00bb3.9&#8243; body_font=\u00bbOpen Sans||||\u00bb body_text_color=\u00bb#ffffff\u00bb body_font_size=\u00bb16&#8243; body_line_height=\u00bb1.5em\u00bb background_layout=\u00bbdark\u00bb]<p>OFICINA CENTRAL<\/p>\n<p>Alexanderstrasse, 2<\/p>\n<p>D-75015 Bretten \u2013 Germany<\/p>\n<p>\u00a0<\/p>[\/et_pb_blurb][et_pb_blurb url=\u00bb#\u00bb use_icon=\u00bbon\u00bb font_icon=\u00bb%%104%%\u00bb icon_color=\u00bb#5f56ad\u00bb icon_placement=\u00bbleft\u00bb use_icon_font_size=\u00bbon\u00bb icon_font_size=\u00bb20&#8243; admin_label=\u00bbBlurb\u00bb _builder_version=\u00bb3.0.106&#8243; body_font=\u00bbOpen Sans||||\u00bb body_text_color=\u00bb#ffffff\u00bb body_font_size=\u00bb16&#8243; body_line_height=\u00bb1.5em\u00bb background_layout=\u00bbdark\u00bb use_border_color=\u00bboff\u00bb]<p>Tel.: 00 (49) 7252 5030<\/p>\n<p>Fax: 00 (49) 7252 503283<\/p>[\/et_pb_blurb][et_pb_blurb url=\u00bbmailto:info@mediaglass.de\u00bb use_icon=\u00bbon\u00bb font_icon=\u00bb%%109%%\u00bb icon_color=\u00bb#5f56ad\u00bb icon_placement=\u00bbleft\u00bb use_icon_font_size=\u00bbon\u00bb icon_font_size=\u00bb20&#8243; admin_label=\u00bbBlurb\u00bb _builder_version=\u00bb3.0.106&#8243; body_font=\u00bbOpen Sans||||\u00bb body_text_color=\u00bb#ffffff\u00bb body_font_size=\u00bb16&#8243; body_line_height=\u00bb1.5em\u00bb background_layout=\u00bbdark\u00bb custom_margin=\u00bb||0px|\u00bb custom_padding=\u00bb||15px|\u00bb use_border_color=\u00bboff\u00bb]<p>info@mediaglass.de<\/p>\n<p>Europe: Mr. Carlos Garcia<\/p>\n<p>General: Mr. Hendrik Meima<\/p>[\/et_pb_blurb][\/et_pb_column][et_pb_column type=\u00bb2_3&#8243; specialty_columns=\u00bb2&#8243; _builder_version=\u00bb3.25&#8243; custom_padding=\u00bb|||\u00bb custom_padding__hover=\u00bb|||\u00bb][et_pb_row_inner padding_mobile=\u00bboff\u00bb column_padding_mobile=\u00bbon\u00bb admin_label=\u00bbRow\u00bb _builder_version=\u00bb3.25&#8243;][et_pb_column_inner saved_specialty_column_type=\u00bb2_3&#8243; _builder_version=\u00bb3.25&#8243; custom_padding=\u00bb|||\u00bb custom_padding__hover=\u00bb|||\u00bb][et_pb_blurb url=\u00bbhttps:\/\/www.google.es\/maps\/dir\/\/Av.+de+Los+Castillos,+1B,+28692+Villafranca+del+Castillo,+Madrid\/@40.4832189,-3.9396804,17z\/data=!3m1!4b1!4m8!4m7!1m0!1m5!1m1!1s0xd419b7cc57cff77:0x19a852c8f91cd682!2m2!1d-3.9374917!2d40.4832189&#8243; url_new_window=\u00bbon\u00bb use_icon=\u00bbon\u00bb font_icon=\u00bb%%122%%\u00bb icon_color=\u00bb#5f56ad\u00bb icon_placement=\u00bbleft\u00bb use_icon_font_size=\u00bbon\u00bb icon_font_size=\u00bb18&#8243; admin_label=\u00bbBlurb\u00bb module_id=\u00bbcontacte\u00bb _builder_version=\u00bb3.15&#8243; body_font=\u00bbOpen Sans||||\u00bb body_text_color=\u00bb#ffffff\u00bb body_font_size=\u00bb16&#8243; body_line_height=\u00bb1.5em\u00bb background_layout=\u00bbdark\u00bb]<p>OFICINA DE VENTAS INTERNACIONALES<\/p>\n<p>Avda. de los Castillos, 1B Local 2<\/p>\n<p>28692 \u2013 Villafranca del Castillo (Madrid)<\/p>\n<p>\u00a0<\/p>[\/et_pb_blurb][et_pb_blurb url=\u00bb#\u00bb use_icon=\u00bbon\u00bb font_icon=\u00bb%%104%%\u00bb icon_color=\u00bb#5f56ad\u00bb icon_placement=\u00bbleft\u00bb use_icon_font_size=\u00bbon\u00bb icon_font_size=\u00bb20&#8243; admin_label=\u00bbBlurb\u00bb _builder_version=\u00bb3.0.106&#8243; body_font=\u00bbOpen Sans||||\u00bb body_text_color=\u00bb#ffffff\u00bb body_font_size=\u00bb16&#8243; body_line_height=\u00bb1.5em\u00bb background_layout=\u00bbdark\u00bb use_border_color=\u00bboff\u00bb]<p>Tel.: +34 \u00a091 815 25 45<\/p>\n<p>Fax: +34 91 812 30 06<\/p>[\/et_pb_blurb][\/et_pb_column_inner][\/et_pb_row_inner][\/et_pb_column][\/et_pb_section][et_pb_section fb_built=\u00bb1&#8243; _builder_version=\u00bb4.4.6&#8243; background_color=\u00bb#2b2c2a\u00bb min_height=\u00bb155px\u00bb custom_padding=\u00bb||3px|||\u00bb global_module=\u00bb37150&#8243; saved_tabs=\u00bball\u00bb custom_margin=\u00bb||-67px|||\u00bb][et_pb_row use_custom_gutter=\u00bbon\u00bb make_equal=\u00bbon\u00bb _builder_version=\u00bb4.4.6&#8243; background_color=\u00bbrgba(0,0,0,0)\u00bb max_width=\u00bb2560px\u00bb custom_margin=\u00bb-38px|auto||auto||\u00bb filter_hue_rotate=\u00bb102deg\u00bb][et_pb_column type=\u00bb4_4&#8243; _builder_version=\u00bb4.4.6&#8243;][et_pb_divider color=\u00bb#ffffff\u00bb _builder_version=\u00bb4.4.6&#8243;][\/et_pb_divider][\/et_pb_column][\/et_pb_row][et_pb_row _builder_version=\u00bb4.4.6&#8243; custom_padding=\u00bb0px|||||\u00bb][et_pb_column type=\u00bb4_4&#8243; _builder_version=\u00bb4.4.6&#8243;][et_pb_text disabled_on=\u00bboff|off|off\u00bb _builder_version=\u00bb4.4.6&#8243; text_font=\u00bb||||||||\u00bb text_text_color=\u00bb#ffffff\u00bb header_text_color=\u00bb#ffffff\u00bb background_layout=\u00bbdark\u00bb link_option_url_new_window=\u00bbon\u00bb motion_trigger_start=\u00bbtop\u00bb]<p style=\"padding-left: 120px; text-align: center;\"><a href=\"https:\/\/mediaglass.de\/es\/aviso-legal\/\" target=\"_blank\" rel=\"noopener noreferrer\">AVISO LEGAL<\/a>\u00a0 \u00a0|\u00a0 \u00a0POL\u00cdTICA DE COOKIES\u00a0 \u00a0|\u00a0 \u00a0POL\u00cdTICA DE PRIVACIDAD<\/p>\n<p style=\"text-align: center;\">[\/et_pb_text][\/et_pb_column][\/et_pb_row][\/et_pb_section]\n","protected":false},"excerpt":{"rendered":"<p>AVISO LEGALTodo el contenido que se muestra en el dominio www.mediaglass.de es responsabilidad de Mediaglass GmbH. Mediaglass GmbH no asume ninguna garant\u00eda ni responsabilidad por el contenido textual, visual u otro que sea accesible a trav\u00e9s de terceros (por ejemplo, hiperv\u00ednculo, correo electr\u00f3nico). Mediaglass GmbH Alexanderstrasse 2 D-75015 Bretten Alemania T +49 7252 5030 F [&hellip;]<\/p>\n","protected":false},"author":1,"featured_media":0,"parent":0,"menu_order":0,"comment_status":"closed","ping_status":"closed","template":"","meta":{"_et_pb_use_builder":"on","_et_pb_old_content":"","_et_gb_content_width":"","footnotes":""},"class_list":["post-37116","page","type-page","status-publish","hentry"],"yoast_head":"<!-- This site is optimized with the Yoast SEO plugin v26.8 - https:\/\/yoast.com\/product\/yoast-seo-wordpress\/ -->\n<title>Mediaglass, tecnolog\u00eda punta y sistemas LED - Aviso Legal.<\/title>\n<meta name=\"description\" content=\"Patente mundial, Mediaglass posee maquinaria de tecnolog\u00eda de \u00faltima generaci\u00f3n, control inform\u00e1tico, sistemas LED con la m\u00e1s alta precisi\u00f3n y calidad.\" \/>\n<meta name=\"robots\" content=\"index, follow, max-snippet:-1, max-image-preview:large, max-video-preview:-1\" \/>\n<link rel=\"canonical\" href=\"https:\/\/mediaglass.de\/es\/aviso-legal\/\" \/>\n<meta property=\"og:locale\" content=\"es_ES\" \/>\n<meta property=\"og:type\" content=\"article\" \/>\n<meta property=\"og:title\" content=\"Mediaglass, tecnolog\u00eda punta y sistemas LED - Aviso Legal.\" \/>\n<meta property=\"og:description\" content=\"Patente mundial, Mediaglass posee maquinaria de tecnolog\u00eda de \u00faltima generaci\u00f3n, control inform\u00e1tico, sistemas LED con la m\u00e1s alta precisi\u00f3n y calidad.\" \/>\n<meta property=\"og:url\" content=\"https:\/\/mediaglass.de\/es\/aviso-legal\/\" \/>\n<meta property=\"og:site_name\" content=\"MEDIAGLASS\" \/>\n<meta property=\"article:modified_time\" content=\"2020-06-04T08:09:33+00:00\" \/>\n<meta name=\"twitter:card\" content=\"summary_large_image\" \/>\n<meta name=\"twitter:label1\" content=\"Tiempo de lectura\" \/>\n\t<meta name=\"twitter:data1\" content=\"5 minutos\" \/>\n<script type=\"application\/ld+json\" class=\"yoast-schema-graph\">{\"@context\":\"https:\/\/schema.org\",\"@graph\":[{\"@type\":\"WebPage\",\"@id\":\"https:\/\/mediaglass.de\/es\/aviso-legal\/\",\"url\":\"https:\/\/mediaglass.de\/es\/aviso-legal\/\",\"name\":\"Mediaglass, tecnolog\u00eda punta y sistemas LED - Aviso Legal.\",\"isPartOf\":{\"@id\":\"https:\/\/mediaglass.de\/es\/#website\"},\"datePublished\":\"2020-05-13T12:32:02+00:00\",\"dateModified\":\"2020-06-04T08:09:33+00:00\",\"description\":\"Patente mundial, Mediaglass posee maquinaria de tecnolog\u00eda de \u00faltima generaci\u00f3n, control inform\u00e1tico, sistemas LED con la m\u00e1s alta precisi\u00f3n y calidad.\",\"breadcrumb\":{\"@id\":\"https:\/\/mediaglass.de\/es\/aviso-legal\/#breadcrumb\"},\"inLanguage\":\"es\",\"potentialAction\":[{\"@type\":\"ReadAction\",\"target\":[\"https:\/\/mediaglass.de\/es\/aviso-legal\/\"]}]},{\"@type\":\"BreadcrumbList\",\"@id\":\"https:\/\/mediaglass.de\/es\/aviso-legal\/#breadcrumb\",\"itemListElement\":[{\"@type\":\"ListItem\",\"position\":1,\"name\":\"Portada\",\"item\":\"https:\/\/mediaglass.de\/es\/\"},{\"@type\":\"ListItem\",\"position\":2,\"name\":\"aviso-legal\"}]},{\"@type\":\"WebSite\",\"@id\":\"https:\/\/mediaglass.de\/es\/#website\",\"url\":\"https:\/\/mediaglass.de\/es\/\",\"name\":\"MEDIAGLASS\",\"description\":\"Primera fachada digital continua en el mundo\",\"publisher\":{\"@id\":\"https:\/\/mediaglass.de\/es\/#organization\"},\"potentialAction\":[{\"@type\":\"SearchAction\",\"target\":{\"@type\":\"EntryPoint\",\"urlTemplate\":\"https:\/\/mediaglass.de\/es\/?s={search_term_string}\"},\"query-input\":{\"@type\":\"PropertyValueSpecification\",\"valueRequired\":true,\"valueName\":\"search_term_string\"}}],\"inLanguage\":\"es\"},{\"@type\":\"Organization\",\"@id\":\"https:\/\/mediaglass.de\/es\/#organization\",\"name\":\"MEDIAGLASS\",\"url\":\"https:\/\/mediaglass.de\/es\/\",\"logo\":{\"@type\":\"ImageObject\",\"inLanguage\":\"es\",\"@id\":\"https:\/\/mediaglass.de\/es\/#\/schema\/logo\/image\/\",\"url\":\"https:\/\/mediaglass.de\/es\/wp-content\/uploads\/2018\/09\/logo.png\",\"contentUrl\":\"https:\/\/mediaglass.de\/es\/wp-content\/uploads\/2018\/09\/logo.png\",\"width\":976,\"height\":183,\"caption\":\"MEDIAGLASS\"},\"image\":{\"@id\":\"https:\/\/mediaglass.de\/es\/#\/schema\/logo\/image\/\"}}]}<\/script>\n<!-- \/ Yoast SEO plugin. -->","yoast_head_json":{"title":"Mediaglass, tecnolog\u00eda punta y sistemas LED - Aviso Legal.","description":"Patente mundial, Mediaglass posee maquinaria de tecnolog\u00eda de \u00faltima generaci\u00f3n, control inform\u00e1tico, sistemas LED con la m\u00e1s alta precisi\u00f3n y calidad.","robots":{"index":"index","follow":"follow","max-snippet":"max-snippet:-1","max-image-preview":"max-image-preview:large","max-video-preview":"max-video-preview:-1"},"canonical":"https:\/\/mediaglass.de\/es\/aviso-legal\/","og_locale":"es_ES","og_type":"article","og_title":"Mediaglass, tecnolog\u00eda punta y sistemas LED - Aviso Legal.","og_description":"Patente mundial, Mediaglass posee maquinaria de tecnolog\u00eda de \u00faltima generaci\u00f3n, control inform\u00e1tico, sistemas LED con la m\u00e1s alta precisi\u00f3n y calidad.","og_url":"https:\/\/mediaglass.de\/es\/aviso-legal\/","og_site_name":"MEDIAGLASS","article_modified_time":"2020-06-04T08:09:33+00:00","twitter_card":"summary_large_image","twitter_misc":{"Tiempo de lectura":"5 minutos"},"schema":{"@context":"https:\/\/schema.org","@graph":[{"@type":"WebPage","@id":"https:\/\/mediaglass.de\/es\/aviso-legal\/","url":"https:\/\/mediaglass.de\/es\/aviso-legal\/","name":"Mediaglass, tecnolog\u00eda punta y sistemas LED - Aviso Legal.","isPartOf":{"@id":"https:\/\/mediaglass.de\/es\/#website"},"datePublished":"2020-05-13T12:32:02+00:00","dateModified":"2020-06-04T08:09:33+00:00","description":"Patente mundial, Mediaglass posee maquinaria de tecnolog\u00eda de \u00faltima generaci\u00f3n, control inform\u00e1tico, sistemas LED con la m\u00e1s alta precisi\u00f3n y calidad.","breadcrumb":{"@id":"https:\/\/mediaglass.de\/es\/aviso-legal\/#breadcrumb"},"inLanguage":"es","potentialAction":[{"@type":"ReadAction","target":["https:\/\/mediaglass.de\/es\/aviso-legal\/"]}]},{"@type":"BreadcrumbList","@id":"https:\/\/mediaglass.de\/es\/aviso-legal\/#breadcrumb","itemListElement":[{"@type":"ListItem","position":1,"name":"Portada","item":"https:\/\/mediaglass.de\/es\/"},{"@type":"ListItem","position":2,"name":"aviso-legal"}]},{"@type":"WebSite","@id":"https:\/\/mediaglass.de\/es\/#website","url":"https:\/\/mediaglass.de\/es\/","name":"MEDIAGLASS","description":"Primera fachada digital continua en el mundo","publisher":{"@id":"https:\/\/mediaglass.de\/es\/#organization"},"potentialAction":[{"@type":"SearchAction","target":{"@type":"EntryPoint","urlTemplate":"https:\/\/mediaglass.de\/es\/?s={search_term_string}"},"query-input":{"@type":"PropertyValueSpecification","valueRequired":true,"valueName":"search_term_string"}}],"inLanguage":"es"},{"@type":"Organization","@id":"https:\/\/mediaglass.de\/es\/#organization","name":"MEDIAGLASS","url":"https:\/\/mediaglass.de\/es\/","logo":{"@type":"ImageObject","inLanguage":"es","@id":"https:\/\/mediaglass.de\/es\/#\/schema\/logo\/image\/","url":"https:\/\/mediaglass.de\/es\/wp-content\/uploads\/2018\/09\/logo.png","contentUrl":"https:\/\/mediaglass.de\/es\/wp-content\/uploads\/2018\/09\/logo.png","width":976,"height":183,"caption":"MEDIAGLASS"},"image":{"@id":"https:\/\/mediaglass.de\/es\/#\/schema\/logo\/image\/"}}]}},"_links":{"self":[{"href":"https:\/\/mediaglass.de\/es\/wp-json\/wp\/v2\/pages\/37116","targetHints":{"allow":["GET"]}}],"collection":[{"href":"https:\/\/mediaglass.de\/es\/wp-json\/wp\/v2\/pages"}],"about":[{"href":"https:\/\/mediaglass.de\/es\/wp-json\/wp\/v2\/types\/page"}],"author":[{"embeddable":true,"href":"https:\/\/mediaglass.de\/es\/wp-json\/wp\/v2\/users\/1"}],"replies":[{"embeddable":true,"href":"https:\/\/mediaglass.de\/es\/wp-json\/wp\/v2\/comments?post=37116"}],"version-history":[{"count":9,"href":"https:\/\/mediaglass.de\/es\/wp-json\/wp\/v2\/pages\/37116\/revisions"}],"predecessor-version":[{"id":37203,"href":"https:\/\/mediaglass.de\/es\/wp-json\/wp\/v2\/pages\/37116\/revisions\/37203"}],"wp:attachment":[{"href":"https:\/\/mediaglass.de\/es\/wp-json\/wp\/v2\/media?parent=37116"}],"curies":[{"name":"wp","href":"https:\/\/api.w.org\/{rel}","templated":true}]}}